{"id":2814,"date":"2025-08-28T08:20:44","date_gmt":"2025-08-28T12:20:44","guid":{"rendered":"https:\/\/pasumecha.ca\/nuestra-historia\/"},"modified":"2025-09-16T17:12:26","modified_gmt":"2025-09-16T21:12:26","slug":"nuestra-historia","status":"publish","type":"page","link":"https:\/\/pasumecha.ca\/es\/nuestra-historia\/","title":{"rendered":"Nuestra historia"},"content":{"rendered":"<p><div class=\"fusion-fullwidth fullwidth-box fusion-builder-row-1 fusion-flex-container has-pattern-background has-mask-background nonhundred-percent-fullwidth non-hundred-percent-height-scrolling\" style=\"--awb-border-radius-top-left:0px;--awb-border-radius-top-right:0px;--awb-border-radius-bottom-right:0px;--awb-border-radius-bottom-left:0px;--awb-flex-wrap:wrap;\" ><div class=\"fusion-builder-row fusion-row fusion-flex-align-items-flex-start fusion-flex-content-wrap\" style=\"max-width:1248px;margin-left: calc(-4% \/ 2 );margin-right: calc(-4% \/ 2 );\"><div class=\"fusion-layout-column fusion_builder_column fusion-builder-column-0 fusion_builder_column_1_2 1_2 fusion-flex-column fusion-flex-align-self-stretch\" style=\"--awb-bg-size:cover;--awb-width-large:50%;--awb-margin-top-large:0px;--awb-spacing-right-large:3.84%;--awb-margin-bottom-large:20px;--awb-spacing-left-large:3.84%;--awb-width-medium:50%;--awb-order-medium:0;--awb-spacing-right-medium:3.84%;--awb-spacing-left-medium:3.84%;--awb-width-small:100%;--awb-order-small:0;--awb-spacing-right-small:1.92%;--awb-spacing-left-small:1.92%;\" data-scroll-devices=\"small-visibility,medium-visibility,large-visibility\"><div class=\"fusion-column-wrapper fusion-column-has-shadow fusion-flex-justify-content-center fusion-content-layout-column\"><div class=\"fusion-text fusion-text-1\" style=\"--awb-text-color:var(--awb-color2);\"><h3><strong>Pasumecha naci\u00f3 de un viaje \u2014 un viaje lleno de amor, descubrimientos y una profunda pasi\u00f3n por los sabores aut\u00e9nticos.<\/strong><\/h3>\n<p>Todo comenz\u00f3 durante una visita a Veracruz, el estado del que Cristely es originaria. Ella me present\u00f3, a m\u00ed Fr\u00e9d\u00e9ric, la riqueza cultural y gastron\u00f3mica de su regi\u00f3n. Entre todos los platos inolvidables que prob\u00e9, hubo uno que me marc\u00f3: la famosa <em>salsa macha<\/em>. Su sabor intenso, ahumado y picante fue como una revelaci\u00f3n. Me enamor\u00e9 al primer bocado.    <\/p>\n<\/div><\/div><\/div><div class=\"fusion-layout-column fusion_builder_column fusion-builder-column-1 fusion_builder_column_1_2 1_2 fusion-flex-column fusion-flex-align-self-stretch\" style=\"--awb-bg-size:cover;--awb-width-large:50%;--awb-margin-top-large:0px;--awb-spacing-right-large:3.84%;--awb-margin-bottom-large:20px;--awb-spacing-left-large:3.84%;--awb-width-medium:50%;--awb-order-medium:0;--awb-spacing-right-medium:3.84%;--awb-spacing-left-medium:3.84%;--awb-width-small:100%;--awb-order-small:0;--awb-spacing-right-small:1.92%;--awb-spacing-left-small:1.92%;\" data-scroll-devices=\"small-visibility,medium-visibility,large-visibility\"><div class=\"fusion-column-wrapper fusion-column-has-shadow fusion-flex-justify-content-center fusion-content-layout-column\"><div class=\"fusion-image-element \" style=\"--awb-caption-title-font-family:var(--h2_typography-font-family);--awb-caption-title-font-weight:var(--h2_typography-font-weight);--awb-caption-title-font-style:var(--h2_typography-font-style);--awb-caption-title-size:var(--h2_typography-font-size);--awb-caption-title-transform:var(--h2_typography-text-transform);--awb-caption-title-line-height:var(--h2_typography-line-height);--awb-caption-title-letter-spacing:var(--h2_typography-letter-spacing);\"><span class=\" fusion-imageframe imageframe-none imageframe-1 hover-type-none\" style=\"border-radius:50%;\"><img decoding=\"async\" width=\"1200\" height=\"1200\" alt=\"Pasumecha Montreal Salsa Macha Veracruz\" title=\"pasumecha_montreal_salsa_macha_histoire_0\" src=\"https:\/\/pasumecha.ca\/wp-content\/uploads\/2025\/09\/pasumecha_montreal_salsa_macha_histoire_0.jpg\" class=\"img-responsive wp-image-2717\" srcset=\"https:\/\/pasumecha.ca\/wp-content\/uploads\/2025\/09\/pasumecha_montreal_salsa_macha_histoire_0-200x200.jpg 200w, https:\/\/pasumecha.ca\/wp-content\/uploads\/2025\/09\/pasumecha_montreal_salsa_macha_histoire_0-400x400.jpg 400w, https:\/\/pasumecha.ca\/wp-content\/uploads\/2025\/09\/pasumecha_montreal_salsa_macha_histoire_0-600x600.jpg 600w, https:\/\/pasumecha.ca\/wp-content\/uploads\/2025\/09\/pasumecha_montreal_salsa_macha_histoire_0-800x800.jpg 800w, https:\/\/pasumecha.ca\/wp-content\/uploads\/2025\/09\/pasumecha_montreal_salsa_macha_histoire_0.jpg 1200w\" sizes=\"(max-width: 640px) 100vw, 600px\" \/><\/span><\/div><\/div><\/div><\/div><\/div><div class=\"fusion-fullwidth fullwidth-box fusion-builder-row-2 fusion-flex-container has-pattern-background has-mask-background nonhundred-percent-fullwidth non-hundred-percent-height-scrolling\" style=\"--awb-border-radius-top-left:0px;--awb-border-radius-top-right:0px;--awb-border-radius-bottom-right:0px;--awb-border-radius-bottom-left:0px;--awb-flex-wrap:wrap;\" ><div class=\"fusion-builder-row fusion-row fusion-flex-align-items-flex-start fusion-flex-content-wrap\" style=\"max-width:1248px;margin-left: calc(-4% \/ 2 );margin-right: calc(-4% \/ 2 );\"><div class=\"fusion-layout-column fusion_builder_column fusion-builder-column-2 fusion_builder_column_1_2 1_2 fusion-flex-column fusion-flex-align-self-stretch fusion-no-small-visibility\" style=\"--awb-bg-size:cover;--awb-width-large:50%;--awb-margin-top-large:0px;--awb-spacing-right-large:3.84%;--awb-margin-bottom-large:20px;--awb-spacing-left-large:3.84%;--awb-width-medium:50%;--awb-order-medium:0;--awb-spacing-right-medium:3.84%;--awb-spacing-left-medium:3.84%;--awb-width-small:100%;--awb-order-small:0;--awb-spacing-right-small:1.92%;--awb-spacing-left-small:1.92%;\" data-scroll-devices=\"small-visibility,medium-visibility,large-visibility\"><div class=\"fusion-column-wrapper fusion-column-has-shadow fusion-flex-justify-content-center fusion-content-layout-column\"><div class=\"fusion-image-element \" style=\"--awb-caption-title-font-family:var(--h2_typography-font-family);--awb-caption-title-font-weight:var(--h2_typography-font-weight);--awb-caption-title-font-style:var(--h2_typography-font-style);--awb-caption-title-size:var(--h2_typography-font-size);--awb-caption-title-transform:var(--h2_typography-text-transform);--awb-caption-title-line-height:var(--h2_typography-line-height);--awb-caption-title-letter-spacing:var(--h2_typography-letter-spacing);\"><span class=\" fusion-imageframe imageframe-none imageframe-2 hover-type-none\" style=\"border-radius:50%;\"><img decoding=\"async\" width=\"956\" height=\"960\" title=\"pasumecha_montreal_salsa_macha_histoire_1\" src=\"https:\/\/pasumecha.ca\/wp-content\/uploads\/2025\/09\/pasumecha_montreal_salsa_macha_histoire_1.jpg\" alt class=\"img-responsive wp-image-2721\" srcset=\"https:\/\/pasumecha.ca\/wp-content\/uploads\/2025\/09\/pasumecha_montreal_salsa_macha_histoire_1-200x201.jpg 200w, https:\/\/pasumecha.ca\/wp-content\/uploads\/2025\/09\/pasumecha_montreal_salsa_macha_histoire_1-400x402.jpg 400w, https:\/\/pasumecha.ca\/wp-content\/uploads\/2025\/09\/pasumecha_montreal_salsa_macha_histoire_1-600x603.jpg 600w, https:\/\/pasumecha.ca\/wp-content\/uploads\/2025\/09\/pasumecha_montreal_salsa_macha_histoire_1-800x803.jpg 800w, https:\/\/pasumecha.ca\/wp-content\/uploads\/2025\/09\/pasumecha_montreal_salsa_macha_histoire_1.jpg 956w\" sizes=\"(max-width: 640px) 100vw, 600px\" \/><\/span><\/div><\/div><\/div><div class=\"fusion-layout-column fusion_builder_column fusion-builder-column-3 fusion_builder_column_1_2 1_2 fusion-flex-column fusion-flex-align-self-stretch fusion-no-small-visibility\" style=\"--awb-bg-size:cover;--awb-width-large:50%;--awb-margin-top-large:0px;--awb-spacing-right-large:3.84%;--awb-margin-bottom-large:20px;--awb-spacing-left-large:3.84%;--awb-width-medium:50%;--awb-order-medium:0;--awb-spacing-right-medium:3.84%;--awb-spacing-left-medium:3.84%;--awb-width-small:100%;--awb-order-small:0;--awb-spacing-right-small:1.92%;--awb-spacing-left-small:1.92%;\" data-scroll-devices=\"small-visibility,medium-visibility,large-visibility\"><div class=\"fusion-column-wrapper fusion-column-has-shadow fusion-flex-justify-content-center fusion-content-layout-column\"><div class=\"fusion-text fusion-text-2\" style=\"--awb-text-color:var(--awb-color2);\"><p>De regreso a Montreal, no pod\u00eda dejar de pensar en esa salsa. Movidos por la curiosidad (y el antojo), decidimos recrearla en casa. Hicimos una buena cantidad, y al probarla nos dijimos: <em>\u00bfpor qu\u00e9 no compartir esta delicia con los dem\u00e1s?<\/em>  <\/p>\n<p>Lo que empez\u00f3 como un simple pasatiempo se transform\u00f3 r\u00e1pidamente en algo m\u00e1s grande. A nuestros amigos y familiares les encant\u00f3. El boca a boca hizo su magia. Las primeras \u00f3rdenes llegaron. Y poco a poco, nuestra pasi\u00f3n se convirti\u00f3 en un peque\u00f1o emprendimiento.    <\/p>\n<p>Cuatro a\u00f1os despu\u00e9s, con una comunidad de amantes de la salsa creciendo cada d\u00eda m\u00e1s, decidimos llevar todo al siguiente nivel. Redise\u00f1amos nuestra imagen con un estilo fresco y atractivo, con una misi\u00f3n clara: compartir nuestra <em>salsa macha<\/em>, aut\u00e9ntica, deliciosa y \u00fanica, con el mundo. <\/p>\n<\/div><\/div><\/div><div class=\"fusion-layout-column fusion_builder_column fusion-builder-column-4 fusion_builder_column_1_2 1_2 fusion-flex-column fusion-no-medium-visibility fusion-no-large-visibility\" style=\"--awb-bg-size:cover;--awb-width-large:50%;--awb-margin-top-large:0px;--awb-spacing-right-large:3.84%;--awb-margin-bottom-large:20px;--awb-spacing-left-large:3.84%;--awb-width-medium:50%;--awb-order-medium:0;--awb-spacing-right-medium:3.84%;--awb-spacing-left-medium:3.84%;--awb-width-small:100%;--awb-order-small:0;--awb-spacing-right-small:1.92%;--awb-spacing-left-small:1.92%;\" data-scroll-devices=\"small-visibility,medium-visibility,large-visibility\"><div class=\"fusion-column-wrapper fusion-column-has-shadow fusion-flex-justify-content-flex-start fusion-content-layout-column\"><div class=\"fusion-text fusion-text-3\" style=\"--awb-text-color:var(--awb-color2);\"><p>De regreso a Montreal, no pod\u00eda dejar de pensar en esa salsa. Movidos por la curiosidad (y el antojo), decidimos recrearla en casa. Hicimos una buena cantidad, y al probarla nos dijimos: <em>\u00bfpor qu\u00e9 no compartir esta delicia con los dem\u00e1s?<\/em>  <\/p>\n<p>Lo que empez\u00f3 como un simple pasatiempo se transform\u00f3 r\u00e1pidamente en algo m\u00e1s grande. A nuestros amigos y familiares les encant\u00f3. El boca a boca hizo su magia. Las primeras \u00f3rdenes llegaron. Y poco a poco, nuestra pasi\u00f3n se convirti\u00f3 en un peque\u00f1o emprendimiento.    <\/p>\n<p>Cuatro a\u00f1os despu\u00e9s, con una comunidad de amantes de la salsa creciendo cada d\u00eda m\u00e1s, decidimos llevar todo al siguiente nivel. Redise\u00f1amos nuestra imagen con un estilo fresco y atractivo, con una misi\u00f3n clara: compartir nuestra <em>salsa macha<\/em>, aut\u00e9ntica, deliciosa y \u00fanica, con el mundo. <\/p>\n<\/div><\/div><\/div><div class=\"fusion-layout-column fusion_builder_column fusion-builder-column-5 fusion_builder_column_1_2 1_2 fusion-flex-column fusion-no-medium-visibility fusion-no-large-visibility\" style=\"--awb-bg-size:cover;--awb-width-large:50%;--awb-margin-top-large:0px;--awb-spacing-right-large:3.84%;--awb-margin-bottom-large:20px;--awb-spacing-left-large:3.84%;--awb-width-medium:50%;--awb-order-medium:0;--awb-spacing-right-medium:3.84%;--awb-spacing-left-medium:3.84%;--awb-width-small:100%;--awb-order-small:0;--awb-spacing-right-small:1.92%;--awb-spacing-left-small:1.92%;\" data-scroll-devices=\"small-visibility,medium-visibility,large-visibility\"><div class=\"fusion-column-wrapper fusion-column-has-shadow fusion-flex-justify-content-flex-start fusion-content-layout-column\"><div class=\"fusion-image-element \" style=\"--awb-caption-title-font-family:var(--h2_typography-font-family);--awb-caption-title-font-weight:var(--h2_typography-font-weight);--awb-caption-title-font-style:var(--h2_typography-font-style);--awb-caption-title-size:var(--h2_typography-font-size);--awb-caption-title-transform:var(--h2_typography-text-transform);--awb-caption-title-line-height:var(--h2_typography-line-height);--awb-caption-title-letter-spacing:var(--h2_typography-letter-spacing);\"><span class=\" fusion-imageframe imageframe-none imageframe-3 hover-type-none\" style=\"border-radius:50%;\"><img decoding=\"async\" width=\"956\" height=\"960\" title=\"pasumecha_montreal_salsa_macha_histoire_1\" src=\"https:\/\/pasumecha.ca\/wp-content\/uploads\/2025\/09\/pasumecha_montreal_salsa_macha_histoire_1.jpg\" alt class=\"img-responsive wp-image-2721\" srcset=\"https:\/\/pasumecha.ca\/wp-content\/uploads\/2025\/09\/pasumecha_montreal_salsa_macha_histoire_1-200x201.jpg 200w, https:\/\/pasumecha.ca\/wp-content\/uploads\/2025\/09\/pasumecha_montreal_salsa_macha_histoire_1-400x402.jpg 400w, https:\/\/pasumecha.ca\/wp-content\/uploads\/2025\/09\/pasumecha_montreal_salsa_macha_histoire_1-600x603.jpg 600w, https:\/\/pasumecha.ca\/wp-content\/uploads\/2025\/09\/pasumecha_montreal_salsa_macha_histoire_1-800x803.jpg 800w, https:\/\/pasumecha.ca\/wp-content\/uploads\/2025\/09\/pasumecha_montreal_salsa_macha_histoire_1.jpg 956w\" sizes=\"(max-width: 640px) 100vw, 600px\" \/><\/span><\/div><\/div><\/div><\/div><\/div><div class=\"fusion-fullwidth fullwidth-box fusion-builder-row-3 fusion-flex-container has-pattern-background has-mask-background nonhundred-percent-fullwidth non-hundred-percent-height-scrolling\" style=\"--awb-border-radius-top-left:0px;--awb-border-radius-top-right:0px;--awb-border-radius-bottom-right:0px;--awb-border-radius-bottom-left:0px;--awb-flex-wrap:wrap;\" ><div class=\"fusion-builder-row fusion-row fusion-flex-align-items-flex-start fusion-flex-content-wrap\" style=\"max-width:1248px;margin-left: calc(-4% \/ 2 );margin-right: calc(-4% \/ 2 );\"><div class=\"fusion-layout-column fusion_builder_column fusion-builder-column-6 fusion_builder_column_1_2 1_2 fusion-flex-column fusion-flex-align-self-stretch\" style=\"--awb-bg-size:cover;--awb-width-large:50%;--awb-margin-top-large:0px;--awb-spacing-right-large:3.84%;--awb-margin-bottom-large:20px;--awb-spacing-left-large:3.84%;--awb-width-medium:50%;--awb-order-medium:0;--awb-spacing-right-medium:3.84%;--awb-spacing-left-medium:3.84%;--awb-width-small:100%;--awb-order-small:0;--awb-spacing-right-small:1.92%;--awb-spacing-left-small:1.92%;\" data-scroll-devices=\"small-visibility,medium-visibility,large-visibility\"><div class=\"fusion-column-wrapper fusion-column-has-shadow fusion-flex-justify-content-center fusion-content-layout-column\"><div class=\"fusion-text fusion-text-4\" style=\"--awb-text-color:var(--awb-color2);\"><p>La llamamos <strong>Pasumecha<\/strong> \u2014 una expresi\u00f3n mexicana que Cristely me ense\u00f1\u00f3. Se usa para expresar asombro o sorpresa, cuando algo supera lo esperado. Justamente eso es lo que queremos transmitir: <strong>una experiencia que va m\u00e1s all\u00e1 del sabor.<\/strong>  <\/p>\n<h4>Cada frasco de Pasumecha est\u00e1 hecho con dedicaci\u00f3n, tradici\u00f3n y mucho coraz\u00f3n. Esperamos que la disfrutes tanto como nosotros disfrutamos crearla. <\/h4>\n<p>\n<\/div><\/div><\/div><div class=\"fusion-layout-column fusion_builder_column fusion-builder-column-7 fusion_builder_column_1_2 1_2 fusion-flex-column fusion-flex-align-self-stretch\" style=\"--awb-bg-size:cover;--awb-width-large:50%;--awb-margin-top-large:0px;--awb-spacing-right-large:3.84%;--awb-margin-bottom-large:20px;--awb-spacing-left-large:3.84%;--awb-width-medium:50%;--awb-order-medium:0;--awb-spacing-right-medium:3.84%;--awb-spacing-left-medium:3.84%;--awb-width-small:100%;--awb-order-small:0;--awb-spacing-right-small:1.92%;--awb-spacing-left-small:1.92%;\" data-scroll-devices=\"small-visibility,medium-visibility,large-visibility\"><div class=\"fusion-column-wrapper fusion-column-has-shadow fusion-flex-justify-content-center fusion-content-layout-column\"><div class=\"fusion-image-element \" style=\"--awb-caption-title-font-family:var(--h2_typography-font-family);--awb-caption-title-font-weight:var(--h2_typography-font-weight);--awb-caption-title-font-style:var(--h2_typography-font-style);--awb-caption-title-size:var(--h2_typography-font-size);--awb-caption-title-transform:var(--h2_typography-text-transform);--awb-caption-title-line-height:var(--h2_typography-line-height);--awb-caption-title-letter-spacing:var(--h2_typography-letter-spacing);\"><span class=\" fusion-imageframe imageframe-none imageframe-4 hover-type-none\"><img decoding=\"async\" width=\"1180\" height=\"1473\" title=\"Spicy Couple &#8211; Green\" src=\"https:\/\/pasumecha.ca\/wp-content\/uploads\/2025\/09\/Spicy-Couple-Green.png\" alt class=\"img-responsive wp-image-2724\" srcset=\"https:\/\/pasumecha.ca\/wp-content\/uploads\/2025\/09\/Spicy-Couple-Green-200x250.png 200w, https:\/\/pasumecha.ca\/wp-content\/uploads\/2025\/09\/Spicy-Couple-Green-400x499.png 400w, https:\/\/pasumecha.ca\/wp-content\/uploads\/2025\/09\/Spicy-Couple-Green-600x749.png 600w, https:\/\/pasumecha.ca\/wp-content\/uploads\/2025\/09\/Spicy-Couple-Green-800x999.png 800w, https:\/\/pasumecha.ca\/wp-content\/uploads\/2025\/09\/Spicy-Couple-Green.png 1180w\" sizes=\"(max-width: 640px) 100vw, 600px\" \/><\/span><\/div><\/div><\/div><\/div><\/div><\/p>\n","protected":false},"excerpt":{"rendered":"","protected":false},"author":1,"featured_media":2672,"parent":0,"menu_order":0,"comment_status":"closed","ping_status":"closed","template":"100-width.php","meta":{"footnotes":""},"class_list":["post-2814","page","type-page","status-publish","has-post-thumbnail","hentry"],"_links":{"self":[{"href":"https:\/\/pasumecha.ca\/es\/wp-json\/wp\/v2\/pages\/2814","targetHints":{"allow":["GET"]}}],"collection":[{"href":"https:\/\/pasumecha.ca\/es\/wp-json\/wp\/v2\/pages"}],"about":[{"href":"https:\/\/pasumecha.ca\/es\/wp-json\/wp\/v2\/types\/page"}],"author":[{"embeddable":true,"href":"https:\/\/pasumecha.ca\/es\/wp-json\/wp\/v2\/users\/1"}],"replies":[{"embeddable":true,"href":"https:\/\/pasumecha.ca\/es\/wp-json\/wp\/v2\/comments?post=2814"}],"version-history":[{"count":7,"href":"https:\/\/pasumecha.ca\/es\/wp-json\/wp\/v2\/pages\/2814\/revisions"}],"predecessor-version":[{"id":2926,"href":"https:\/\/pasumecha.ca\/es\/wp-json\/wp\/v2\/pages\/2814\/revisions\/2926"}],"wp:featuredmedia":[{"embeddable":true,"href":"https:\/\/pasumecha.ca\/es\/wp-json\/wp\/v2\/media\/2672"}],"wp:attachment":[{"href":"https:\/\/pasumecha.ca\/es\/wp-json\/wp\/v2\/media?parent=2814"}],"curies":[{"name":"wp","href":"https:\/\/api.w.org\/{rel}","templated":true}]}}